{"id":1529,"date":"2024-06-05T08:46:23","date_gmt":"2024-06-05T08:46:23","guid":{"rendered":"https:\/\/liko.foxthemes.me\/?page_id=1529"},"modified":"2025-04-25T03:38:25","modified_gmt":"2025-04-25T03:38:25","slug":"about-us","status":"publish","type":"page","link":"https:\/\/www.baffcreative.com\/index.php\/about-us\/","title":{"rendered":"About Us"},"content":{"rendered":"\t\t<div data-elementor-type=\"wp-page\" data-elementor-id=\"1529\" class=\"elementor elementor-1529\">\n\t\t\t\t<div class=\"elementor-element elementor-element-dcca881 e-con-full e-flex e-con e-parent\" data-id=\"dcca881\" data-element_type=\"container\" data-settings=\"{&quot;background_background&quot;:&quot;classic&quot;}\">\n\t\t<div class=\"elementor-element elementor-element-d4d02f2 e-flex e-con-boxed e-con e-child\" data-id=\"d4d02f2\" data-element_type=\"container\">\n\t\t\t\t\t<div class=\"e-con-inner\">\n\t\t<div class=\"elementor-element elementor-element-80b758a e-con-full e-flex e-con e-child\" data-id=\"80b758a\" data-element_type=\"container\">\n\t\t\t\t<div class=\"elementor-element elementor-element-ae2f0e6 elementor-widget elementor-widget-tp-about-heading\" data-id=\"ae2f0e6\" data-element_type=\"widget\" data-widget_type=\"tp-about-heading.default\">\n\t\t\t\t<div class=\"elementor-widget-container\">\n\t\t\t\t\t\n\t\t\n\n\t\t\t\t<div class=\"ab-inner-hero-title-box tp-el-content tp-el-section\" data-lag=\"0.2\" data-stagger=\"0.08\">\n\n\t\t\t\t\t\t\t<span class=\"ab-inner-hero-subtitle tp-el-subtitle\">Baff Creative<\/span>\n\t\t\t\t\t\t<h2 class=\"ab-inner-hero-title tp-char-animation tp-el-title \">Here to Share Your Story with the World <\/h2>\n\t\t\t\n\t\t<\/div>\n\t\t\n\t\t\t\t<\/div>\n\t\t\t\t<\/div>\n\t\t\t\t<\/div>\n\t\t\t\t\t<\/div>\n\t\t\t\t<\/div>\n\t\t<div class=\"elementor-element elementor-element-8f429b1 e-con-full e-flex e-con e-child\" data-id=\"8f429b1\" data-element_type=\"container\" data-settings=\"{&quot;position&quot;:&quot;absolute&quot;}\">\n\t\t\t\t<div class=\"elementor-element elementor-element-acd551b elementor-widget elementor-widget-tp-about-scroll-to-section\" data-id=\"acd551b\" data-element_type=\"widget\" data-widget_type=\"tp-about-scroll-to-section.default\">\n\t\t\t\t<div class=\"elementor-widget-container\">\n\t\t\t\t\t\n\t\t\n        <div class=\"ab-inner-hero-scroll smooth\">\n            <a href=\"#tp-fun-fact\">\n                <span>\n                    Ke\u015ffetmek i\u00e7in Kayd\u0131r                    <svg width=\"15\" height=\"30\" viewBox=\"0 0 15 30\" fill=\"none\" xmlns=\"http:\/\/www.w3.org\/2000\/svg\">\n                        <rect x=\"6.26001\" width=\"1.5\" height=\"30\" fill=\"currentcolor\"\/>\n                        <path d=\"M14.0464 22.9768C10.1644 22.9768 7.02312 26.118 7.02312 30\" stroke=\"currentcolor\" stroke-width=\"1.5\" stroke-miterlimit=\"10\"\/>\n                        <path d=\"M7.02322 30C7.02322 26.118 3.88198 22.9768 -4.06724e-05 22.9768\" stroke=\"currentcolor\" stroke-width=\"1.5\" stroke-miterlimit=\"10\"\/>\n                    <\/svg>\n                <\/span>\n            <\/a>\n        <\/div>\n\n\n\t\t\t\t<\/div>\n\t\t\t\t<\/div>\n\t\t\t\t<\/div>\n\t\t<div class=\"elementor-element elementor-element-5279a66 e-flex e-con-boxed e-con e-child\" data-id=\"5279a66\" data-element_type=\"container\">\n\t\t\t\t\t<div class=\"e-con-inner\">\n\t\t<div class=\"elementor-element elementor-element-555eb80 e-con-full e-flex e-con e-child\" data-id=\"555eb80\" data-element_type=\"container\">\n\t\t\t\t<\/div>\n\t\t\t\t\t<\/div>\n\t\t\t\t<\/div>\n\t\t\t\t<\/div>\n\t\t<div class=\"elementor-element elementor-element-b92ab77 e-flex e-con-boxed e-con e-parent\" data-id=\"b92ab77\" data-element_type=\"container\">\n\t\t\t\t\t<div class=\"e-con-inner\">\n\t\t<div class=\"elementor-element elementor-element-5245ad1 e-con-full e-flex e-con e-child\" data-id=\"5245ad1\" data-element_type=\"container\">\n\t\t\t\t<div class=\"elementor-element elementor-element-45d5598 e-transform e-transform elementor-widget elementor-widget-image\" data-id=\"45d5598\" data-element_type=\"widget\" data-settings=\"{&quot;_transform_rotateZ_effect&quot;:{&quot;unit&quot;:&quot;px&quot;,&quot;size&quot;:-24,&quot;sizes&quot;:[]},&quot;_transform_translateX_effect&quot;:{&quot;unit&quot;:&quot;px&quot;,&quot;size&quot;:-12,&quot;sizes&quot;:[]},&quot;_transform_translateY_effect&quot;:{&quot;unit&quot;:&quot;px&quot;,&quot;size&quot;:51,&quot;sizes&quot;:[]},&quot;_transform_rotateZ_effect_tablet&quot;:{&quot;unit&quot;:&quot;deg&quot;,&quot;size&quot;:&quot;&quot;,&quot;sizes&quot;:[]},&quot;_transform_rotateZ_effect_mobile&quot;:{&quot;unit&quot;:&quot;deg&quot;,&quot;size&quot;:&quot;&quot;,&quot;sizes&quot;:[]},&quot;_transform_translateX_effect_tablet&quot;:{&quot;unit&quot;:&quot;px&quot;,&quot;size&quot;:&quot;&quot;,&quot;sizes&quot;:[]},&quot;_transform_translateX_effect_mobile&quot;:{&quot;unit&quot;:&quot;px&quot;,&quot;size&quot;:&quot;&quot;,&quot;sizes&quot;:[]},&quot;_transform_translateY_effect_tablet&quot;:{&quot;unit&quot;:&quot;px&quot;,&quot;size&quot;:&quot;&quot;,&quot;sizes&quot;:[]},&quot;_transform_translateY_effect_mobile&quot;:{&quot;unit&quot;:&quot;px&quot;,&quot;size&quot;:&quot;&quot;,&quot;sizes&quot;:[]}}\" data-widget_type=\"image.default\">\n\t\t\t\t<div class=\"elementor-widget-container\">\n\t\t\t\t\t\t\t\t\t\t\t\t\t\t\t<img decoding=\"async\" width=\"125\" height=\"61\" src=\"https:\/\/www.baffcreative.com\/wp-content\/uploads\/2025\/04\/merhaba.png\" class=\"attachment-full size-full wp-image-16078\" alt=\"\" \/>\t\t\t\t\t\t\t\t\t\t\t\t\t\t\t<\/div>\n\t\t\t\t<\/div>\n\t\t\t\t<div class=\"elementor-element elementor-element-550445c elementor-widget elementor-widget-tp-animated-text\" data-id=\"550445c\" data-element_type=\"widget\" data-settings=\"{&quot;tp_anima_type&quot;:&quot;tp_fade_bottom&quot;}\" data-widget_type=\"tp-animated-text.default\">\n\t\t\t\t<div class=\"elementor-widget-container\">\n\t\t\t\t\t\n\n\n<p class=\" liko-animated-text-widget tp-el-animation-heading tp-section-title-span-padding tp_fade_bottom\">&nbsp; &nbsp; &nbsp; &nbsp;  Her markan\u0131n bir hikayesi vard\u0131r ve biz o hikayeyi dijital d\u00fcnyada etkili bir \u015fekilde anlatmay\u0131 seviyoruz. Yarat\u0131c\u0131 \u00e7\u00f6z\u00fcmlerle, markan\u0131z\u0131 en iyi \u015fekilde tan\u0131tmak i\u00e7in her zaman bir ad\u0131m \u00f6nde olmay\u0131 hedefliyoruz.\nSizinle birlikte \u00e7al\u0131\u015farak, markan\u0131z\u0131 bir \u00fcst seviyeye ta\u015f\u0131maya ve dijital d\u00fcnyada fark yaratmaya haz\u0131r\u0131z. Hadi, bu yolculu\u011fa birlikte \u00e7\u0131kal\u0131m!\n<\/p>\n\t\t\t\t<\/div>\n\t\t\t\t<\/div>\n\t\t\t\t<\/div>\n\t\t\t\t\t<\/div>\n\t\t\t\t<\/div>\n\t\t<div class=\"elementor-element elementor-element-061ec22 e-flex e-con-boxed e-con e-parent\" data-id=\"061ec22\" data-element_type=\"container\">\n\t\t\t\t\t<div class=\"e-con-inner\">\n\t\t<div class=\"elementor-element elementor-element-d8dba5e e-con-full e-flex e-con e-child\" data-id=\"d8dba5e\" data-element_type=\"container\">\n\t\t\t\t<div class=\"elementor-element elementor-element-9c3c62a elementor-widget elementor-widget-heading\" data-id=\"9c3c62a\" data-element_type=\"widget\" data-widget_type=\"heading.default\">\n\t\t\t\t<div class=\"elementor-widget-container\">\n\t\t\t\t\t<h2 class=\"elementor-heading-title elementor-size-default\">Neler<\/h2>\t\t\t\t<\/div>\n\t\t\t\t<\/div>\n\t\t\t\t<div class=\"elementor-element elementor-element-d836294 elementor-widget elementor-widget-heading\" data-id=\"d836294\" data-element_type=\"widget\" data-widget_type=\"heading.default\">\n\t\t\t\t<div class=\"elementor-widget-container\">\n\t\t\t\t\t<h2 class=\"elementor-heading-title elementor-size-default\"> Yap\u0131yoruz?<\/h2>\t\t\t\t<\/div>\n\t\t\t\t<\/div>\n\t\t\t\t<div class=\"elementor-element elementor-element-cc5dc30 elementor-widget elementor-widget-image\" data-id=\"cc5dc30\" data-element_type=\"widget\" data-widget_type=\"image.default\">\n\t\t\t\t<div class=\"elementor-widget-container\">\n\t\t\t\t\t\t\t\t\t\t\t\t\t\t\t<img decoding=\"async\" width=\"70\" height=\"106\" src=\"https:\/\/www.baffcreative.com\/wp-content\/uploads\/2024\/06\/shape-1.png\" class=\"attachment-full size-full wp-image-2084\" alt=\"\" \/>\t\t\t\t\t\t\t\t\t\t\t\t\t\t\t<\/div>\n\t\t\t\t<\/div>\n\t\t\t\t<\/div>\n\t\t<div class=\"elementor-element elementor-element-5cd3b1b e-con-full e-flex e-con e-child\" data-id=\"5cd3b1b\" data-element_type=\"container\">\n\t\t<div class=\"elementor-element elementor-element-0278ecd e-con-full e-flex e-con e-child\" data-id=\"0278ecd\" data-element_type=\"container\">\n\t\t\t\t<div class=\"elementor-element elementor-element-b4108dc elementor-widget elementor-widget-tp-list\" data-id=\"b4108dc\" data-element_type=\"widget\" data-widget_type=\"tp-list.default\">\n\t\t\t\t<div class=\"elementor-widget-container\">\n\t\t\t\t\t    <div class=\"ab-about-category-list category-space-1 \">\n        <ul>\n                            <li class=\"tp-el-list-title\">Kurumsal Kimlik Tasar\u0131m\u0131<\/li>\n                            <li class=\"tp-el-list-title\">Sosyal Medya Y\u00f6netimi<\/li>\n                            <li class=\"tp-el-list-title\">Prod\u00fcksiyon<\/li>\n                            <li class=\"tp-el-list-title\">E-Ticaret Deste\u011fi <\/li>\n                    <\/ul>\n    <\/div>\n\n\n\t\t\t\t<\/div>\n\t\t\t\t<\/div>\n\t\t\t\t<\/div>\n\t\t<div class=\"elementor-element elementor-element-7c049b4 e-con-full e-flex e-con e-child\" data-id=\"7c049b4\" data-element_type=\"container\">\n\t\t\t\t<div class=\"elementor-element elementor-element-9caade7 elementor-widget elementor-widget-tp-list\" data-id=\"9caade7\" data-element_type=\"widget\" data-widget_type=\"tp-list.default\">\n\t\t\t\t<div class=\"elementor-widget-container\">\n\t\t\t\t\t    <div class=\"ab-about-category-list category-space-1 \">\n        <ul>\n                            <li class=\"tp-el-list-title\">Web Sitesi Tasar\u0131m\u0131<\/li>\n                            <li class=\"tp-el-list-title\">Dijital Pazarlama<\/li>\n                            <li class=\"tp-el-list-title\">Marka Stratejisi<\/li>\n                    <\/ul>\n    <\/div>\n\n\n\t\t\t\t<\/div>\n\t\t\t\t<\/div>\n\t\t\t\t<\/div>\n\t\t\t\t<\/div>\n\t\t\t\t\t<\/div>\n\t\t\t\t<\/div>\n\t\t<div class=\"elementor-element elementor-element-abdbb63 e-con-full elementor-hidden-desktop elementor-hidden-tablet elementor-hidden-mobile e-flex e-con e-parent\" data-id=\"abdbb63\" data-element_type=\"container\">\n\t\t\t\t<div class=\"elementor-element elementor-element-57a5308 elementor-widget elementor-widget-tp-team-scroll\" data-id=\"57a5308\" data-element_type=\"widget\" data-widget_type=\"tp-team-scroll.default\">\n\t\t\t\t<div class=\"elementor-widget-container\">\n\t\t\t\t\t\n\n<div class=\"tp-team-area fix\">\n    <div class=\"tp-team-slider-wrapper\">\n        <div class=\"swiper-container tp-team-slider-active\">\n            <div class=\"swiper-wrapper\">\n                                <div class=\"swiper-slide\">\n                    <div class=\"tp-team-item tp-hover-btn-wrapper marque fix mb-30\">\n                                                <div class=\"tp-hover-btn-item\">\n                            <img decoding=\"async\" src=\"https:\/\/www.baffcreative.com\/wp-content\/uploads\/2024\/06\/team-1-1.jpg\" alt=\"\">\n                        <\/div>\n                                                <div class=\"tp-team-content\">\n                                                        <span>Designer<\/span>\n                            \n                                                        <h4 class=\"tp-team-title-sm\" data-bs-toggle=\"modal\" data-bs-target=\"#exampleModal\">\n                                                                <a href=\"https:\/\/liko.foxthemes.me\/team-details\/\">David Prutra<\/a>\n                                                            <\/h4>\n                                                    <\/div>\n                    <\/div>\n                <\/div>\n                                <div class=\"swiper-slide\">\n                    <div class=\"tp-team-item tp-hover-btn-wrapper marque fix mb-30\">\n                                                <div class=\"tp-hover-btn-item\">\n                            <img decoding=\"async\" src=\"https:\/\/www.baffcreative.com\/wp-content\/uploads\/2024\/06\/team-1-2.jpg\" alt=\"\">\n                        <\/div>\n                                                <div class=\"tp-team-content\">\n                                                        <span>Architechture<\/span>\n                            \n                                                        <h4 class=\"tp-team-title-sm\" data-bs-toggle=\"modal\" data-bs-target=\"#exampleModal\">\n                                                                <a href=\"https:\/\/liko.foxthemes.me\/team-details\/\">Jenny<\/a>\n                                                            <\/h4>\n                                                    <\/div>\n                    <\/div>\n                <\/div>\n                                <div class=\"swiper-slide\">\n                    <div class=\"tp-team-item tp-hover-btn-wrapper marque fix mb-30\">\n                                                <div class=\"tp-hover-btn-item\">\n                            <img decoding=\"async\" src=\"https:\/\/www.baffcreative.com\/wp-content\/uploads\/2024\/06\/liko-team-1.jpg\" alt=\"\">\n                        <\/div>\n                                                <div class=\"tp-team-content\">\n                                                        <span>Art Director<\/span>\n                            \n                                                        <h4 class=\"tp-team-title-sm\" data-bs-toggle=\"modal\" data-bs-target=\"#exampleModal\">\n                                                                <a href=\"https:\/\/liko.foxthemes.me\/team-details\/\">Faijal<\/a>\n                                                            <\/h4>\n                                                    <\/div>\n                    <\/div>\n                <\/div>\n                                <div class=\"swiper-slide\">\n                    <div class=\"tp-team-item tp-hover-btn-wrapper marque fix mb-30\">\n                                                <div class=\"tp-hover-btn-item\">\n                            <img decoding=\"async\" src=\"https:\/\/www.baffcreative.com\/wp-content\/uploads\/2024\/06\/team-1-3.jpg\" alt=\"\">\n                        <\/div>\n                                                <div class=\"tp-team-content\">\n                                                        <span>Creative Director<\/span>\n                            \n                                                        <h4 class=\"tp-team-title-sm\" data-bs-toggle=\"modal\" data-bs-target=\"#exampleModal\">\n                                                                <a href=\"https:\/\/liko.foxthemes.me\/team-details\/\">Devid<\/a>\n                                                            <\/h4>\n                                                    <\/div>\n                    <\/div>\n                <\/div>\n                                <div class=\"swiper-slide\">\n                    <div class=\"tp-team-item tp-hover-btn-wrapper marque fix mb-30\">\n                                                <div class=\"tp-hover-btn-item\">\n                            <img decoding=\"async\" src=\"https:\/\/www.baffcreative.com\/wp-content\/uploads\/2024\/06\/team-1-4.jpg\" alt=\"\">\n                        <\/div>\n                                                <div class=\"tp-team-content\">\n                                                        <span>Art Director<\/span>\n                            \n                                                        <h4 class=\"tp-team-title-sm\" data-bs-toggle=\"modal\" data-bs-target=\"#exampleModal\">\n                                                                <a href=\"https:\/\/liko.foxthemes.me\/team-details\/\">Alina<\/a>\n                                                            <\/h4>\n                                                    <\/div>\n                    <\/div>\n                <\/div>\n                                <div class=\"swiper-slide\">\n                    <div class=\"tp-team-item tp-hover-btn-wrapper marque fix mb-30\">\n                                                <div class=\"tp-hover-btn-item\">\n                            <img decoding=\"async\" src=\"https:\/\/www.baffcreative.com\/wp-content\/uploads\/2024\/06\/liko-team-3.jpg\" alt=\"\">\n                        <\/div>\n                                                <div class=\"tp-team-content\">\n                                                        <span>Architechture<\/span>\n                            \n                                                        <h4 class=\"tp-team-title-sm\" data-bs-toggle=\"modal\" data-bs-target=\"#exampleModal\">\n                                                                <a href=\"https:\/\/liko.foxthemes.me\/team-details\/\">Lethur<\/a>\n                                                            <\/h4>\n                                                    <\/div>\n                    <\/div>\n                <\/div>\n                                <div class=\"swiper-slide\">\n                    <div class=\"tp-team-item tp-hover-btn-wrapper marque fix mb-30\">\n                                                <div class=\"tp-hover-btn-item\">\n                            <img decoding=\"async\" src=\"https:\/\/www.baffcreative.com\/wp-content\/uploads\/2024\/06\/team-1-5.jpg\" alt=\"\">\n                        <\/div>\n                                                <div class=\"tp-team-content\">\n                                                        <span>Graphics Designer<\/span>\n                            \n                                                        <h4 class=\"tp-team-title-sm\" data-bs-toggle=\"modal\" data-bs-target=\"#exampleModal\">\n                                                                <a href=\"https:\/\/liko.foxthemes.me\/team-details\/\">Anina<\/a>\n                                                            <\/h4>\n                                                    <\/div>\n                    <\/div>\n                <\/div>\n                            <\/div>\n        <\/div>\n    <\/div>\n<\/div>\n\n\t\t\t\t<\/div>\n\t\t\t\t<\/div>\n\t\t\t\t<\/div>\n\t\t\t\t<\/div>\n\t\t","protected":false},"excerpt":{"rendered":"<p>Baff Creative Here to Share Your Story with the World Ke\u015ffetmek i\u00e7in Kayd\u0131r &nbsp; &nbsp; &nbsp; &nbsp; Her markan\u0131n bir hikayesi vard\u0131r ve biz o hikayeyi dijital d\u00fcnyada etkili bir \u015fekilde anlatmay\u0131 seviyoruz. Yarat\u0131c\u0131 \u00e7\u00f6z\u00fcmlerle, markan\u0131z\u0131 en iyi \u015fekilde tan\u0131tmak i\u00e7in her zaman bir ad\u0131m \u00f6nde olmay\u0131 hedefliyoruz. Sizinle birlikte \u00e7al\u0131\u015farak, markan\u0131z\u0131 bir \u00fcst seviyeye [&hellip;]<\/p>\n","protected":false},"author":1,"featured_media":0,"parent":0,"menu_order":0,"comment_status":"closed","ping_status":"closed","template":"elementor_header_footer","meta":{"_monsterinsights_skip_tracking":false,"_monsterinsights_sitenote_active":false,"_monsterinsights_sitenote_note":"","_monsterinsights_sitenote_category":0,"footnotes":""},"class_list":["post-1529","page","type-page","status-publish","hentry"],"aioseo_notices":[],"_links":{"self":[{"href":"https:\/\/www.baffcreative.com\/index.php\/wp-json\/wp\/v2\/pages\/1529","targetHints":{"allow":["GET"]}}],"collection":[{"href":"https:\/\/www.baffcreative.com\/index.php\/wp-json\/wp\/v2\/pages"}],"about":[{"href":"https:\/\/www.baffcreative.com\/index.php\/wp-json\/wp\/v2\/types\/page"}],"author":[{"embeddable":true,"href":"https:\/\/www.baffcreative.com\/index.php\/wp-json\/wp\/v2\/users\/1"}],"replies":[{"embeddable":true,"href":"https:\/\/www.baffcreative.com\/index.php\/wp-json\/wp\/v2\/comments?post=1529"}],"version-history":[{"count":20,"href":"https:\/\/www.baffcreative.com\/index.php\/wp-json\/wp\/v2\/pages\/1529\/revisions"}],"predecessor-version":[{"id":16257,"href":"https:\/\/www.baffcreative.com\/index.php\/wp-json\/wp\/v2\/pages\/1529\/revisions\/16257"}],"wp:attachment":[{"href":"https:\/\/www.baffcreative.com\/index.php\/wp-json\/wp\/v2\/media?parent=1529"}],"curies":[{"name":"wp","href":"https:\/\/api.w.org\/{rel}","templated":true}]}}