{"id":58,"date":"2024-06-01T11:42:35","date_gmt":"2024-06-01T11:42:35","guid":{"rendered":"https:\/\/liko.foxthemes.me\/?page_id=58"},"modified":"2025-09-07T20:04:09","modified_gmt":"2025-09-07T20:04:09","slug":"get-in-touch","status":"publish","type":"page","link":"https:\/\/www.baffcreative.com\/index.php\/get-in-touch\/","title":{"rendered":"Get In Touch"},"content":{"rendered":"\t\t<div data-elementor-type=\"wp-page\" data-elementor-id=\"58\" class=\"elementor elementor-58\">\n\t\t\t\t<div class=\"elementor-element elementor-element-fac6ac2 e-flex e-con-boxed e-con e-parent\" data-id=\"fac6ac2\" data-element_type=\"container\" data-settings=\"{&quot;background_background&quot;:&quot;classic&quot;}\">\n\t\t\t\t\t<div class=\"e-con-inner\">\n\t\t<div class=\"elementor-element elementor-element-9ba489d e-flex e-con-boxed e-con e-child\" data-id=\"9ba489d\" data-element_type=\"container\">\n\t\t\t\t\t<div class=\"e-con-inner\">\n\t\t\t\t<div class=\"elementor-element elementor-element-c81a235 elementor-widget elementor-widget-tp-page-title\" data-id=\"c81a235\" data-element_type=\"widget\" data-settings=\"{&quot;tp_anima_type&quot;:&quot;tp-char-animation&quot;}\" data-widget_type=\"tp-page-title.default\">\n\t\t\t\t<div class=\"elementor-widget-container\">\n\t\t\t\t\t\n\n<div class=\"tp-el-section\">\n    <div class=\"tm-hero-content\">\n                    <span class=\"tm-hero-subtitle tp-el-subtitle \">Baff Creative<\/span>\n            \n        <h2 class=\"tm-hero-title fs-220 tp-el-title tp-char-animation\">\u0130leti\u015fim<\/h2>    <\/div>\n    \n    <\/div>\n\n\t\t\t\t<\/div>\n\t\t\t\t<\/div>\n\t\t\t\t\t<\/div>\n\t\t\t\t<\/div>\n\t\t\t\t\t<\/div>\n\t\t\t\t<\/div>\n\t\t<div class=\"elementor-element elementor-element-47af312 e-con-full e-flex e-con e-parent\" data-id=\"47af312\" data-element_type=\"container\">\n\t\t<div class=\"elementor-element elementor-element-78c2add e-con-full e-flex e-con e-child\" data-id=\"78c2add\" data-element_type=\"container\">\n\t\t<div class=\"elementor-element elementor-element-53c0a10 e-con-full e-flex e-con e-child\" data-id=\"53c0a10\" data-element_type=\"container\">\n\t\t\t\t<div class=\"elementor-element elementor-element-afd3a15 elementor-widget elementor-widget-google_maps\" data-id=\"afd3a15\" data-element_type=\"widget\" data-widget_type=\"google_maps.default\">\n\t\t\t\t<div class=\"elementor-widget-container\">\n\t\t\t\t\t\t\t<div class=\"elementor-custom-embed\">\n\t\t\t<iframe loading=\"lazy\"\n\t\t\t\t\tsrc=\"https:\/\/maps.google.com\/maps?q=Merdivenk%C3%B6y%20Mahallesi%2C%20Seyhan%20Sokak%20No%3A13%20Brooklyn%20Park%20%20Kad%C4%B1k%C3%B6y%2F%C4%B0stanbul%20&#038;t=m&#038;z=13&#038;output=embed&#038;iwloc=near\"\n\t\t\t\t\ttitle=\"Merdivenk\u00f6y Mahallesi, Seyhan Sokak No:13 Brooklyn Park  Kad\u0131k\u00f6y\/\u0130stanbul \"\n\t\t\t\t\taria-label=\"Merdivenk\u00f6y Mahallesi, Seyhan Sokak No:13 Brooklyn Park  Kad\u0131k\u00f6y\/\u0130stanbul \"\n\t\t\t><\/iframe>\n\t\t<\/div>\n\t\t\t\t\t\t<\/div>\n\t\t\t\t<\/div>\n\t\t\t\t<\/div>\n\t\t\t\t<\/div>\n\t\t<div class=\"elementor-element elementor-element-73b86a9 e-con-full e-flex e-con e-child\" data-id=\"73b86a9\" data-element_type=\"container\">\n\t\t<div class=\"elementor-element elementor-element-a56f4fc e-flex e-con-boxed e-con e-child\" data-id=\"a56f4fc\" data-element_type=\"container\" data-settings=\"{&quot;background_background&quot;:&quot;classic&quot;}\">\n\t\t\t\t\t<div class=\"e-con-inner\">\n\t\t\t\t<div class=\"elementor-element elementor-element-12a01e7 elementor-widget elementor-widget-tp-conatct-form\" data-id=\"12a01e7\" data-element_type=\"widget\" data-widget_type=\"tp-conatct-form.default\">\n\t\t\t\t<div class=\"elementor-widget-container\">\n\t\t\t\t\t\n<div class=\"cn-contactform-wrap tp-el-c-form\">\n    <h2 class=\"cn-contactform-2-title tp-el-title\">Mesaj G\u00f6nder<\/h2>             \n<div class=\"wpcf7 no-js\" id=\"wpcf7-f709-o1\" lang=\"en-US\" dir=\"ltr\" data-wpcf7-id=\"709\">\n<div class=\"screen-reader-response\"><p role=\"status\" aria-live=\"polite\" aria-atomic=\"true\"><\/p> <ul><\/ul><\/div>\n<form action=\"\/index.php\/wp-json\/wp\/v2\/pages\/58#wpcf7-f709-o1\" method=\"post\" class=\"wpcf7-form init\" aria-label=\"Contact form\" novalidate=\"novalidate\" data-status=\"init\">\n<div style=\"display: none;\">\n<input type=\"hidden\" name=\"_wpcf7\" value=\"709\" \/>\n<input type=\"hidden\" name=\"_wpcf7_version\" value=\"6.0.6\" \/>\n<input type=\"hidden\" name=\"_wpcf7_locale\" value=\"en_US\" \/>\n<input type=\"hidden\" name=\"_wpcf7_unit_tag\" value=\"wpcf7-f709-o1\" \/>\n<input type=\"hidden\" name=\"_wpcf7_container_post\" value=\"0\" \/>\n<input type=\"hidden\" name=\"_wpcf7_posted_data_hash\" value=\"\" \/>\n<\/div>\n<div class=\"cn-contactform-input mb-25\">\n  <label>Name<\/label>\n  <span class=\"wpcf7-form-control-wrap\" data-name=\"text-772\"><input size=\"40\" maxlength=\"400\" class=\"wpcf7-form-control wpcf7-text\" aria-invalid=\"false\" placeholder=\"John Doe\" value=\"\" type=\"text\" name=\"text-772\" \/><\/span>\n<\/div>\n<div class=\"cn-contactform-input mb-25\">\n  <label>Subject<\/label>\n  <span class=\"wpcf7-form-control-wrap\" data-name=\"email-40\"><input size=\"40\" maxlength=\"400\" class=\"wpcf7-form-control wpcf7-email wpcf7-text wpcf7-validates-as-email\" aria-invalid=\"false\" placeholder=\"Your@email.com\" value=\"\" type=\"email\" name=\"email-40\" \/><\/span>\n<\/div>\n<div class=\"cn-contactform-input mb-25\">\n  <label>Message<\/label>\n  <span class=\"wpcf7-form-control-wrap\" data-name=\"textarea-35\"><textarea cols=\"40\" rows=\"10\" maxlength=\"2000\" class=\"wpcf7-form-control wpcf7-textarea\" aria-invalid=\"false\" placeholder=\"Tell Us About Your Project\" name=\"textarea-35\"><\/textarea><\/span>\n<\/div>\n<div class=\"cn-contactform-btn\">\n  <button class=\"tp-btn-black-md white-bg w-100\" type=\"submit\">\n    Send Message\n  <\/button>\n<\/div><p style=\"display: none !important;\" class=\"akismet-fields-container\" data-prefix=\"_wpcf7_ak_\"><label>&#916;<textarea name=\"_wpcf7_ak_hp_textarea\" cols=\"45\" rows=\"8\" maxlength=\"100\"><\/textarea><\/label><input type=\"hidden\" id=\"ak_js_1\" name=\"_wpcf7_ak_js\" value=\"91\"\/><script>document.getElementById( \"ak_js_1\" ).setAttribute( \"value\", ( new Date() ).getTime() );<\/script><\/p><div class=\"wpcf7-response-output\" aria-hidden=\"true\"><\/div>\n<\/form>\n<\/div>\n    <\/div>\n\t\t\t\t<\/div>\n\t\t\t\t<\/div>\n\t\t\t\t\t<\/div>\n\t\t\t\t<\/div>\n\t\t\t\t<\/div>\n\t\t\t\t<\/div>\n\t\t<div class=\"elementor-element elementor-element-f02b727 e-con-full e-flex e-con e-parent\" data-id=\"f02b727\" data-element_type=\"container\" data-settings=\"{&quot;background_background&quot;:&quot;classic&quot;}\">\n\t\t<div class=\"elementor-element elementor-element-11e143b e-con-full e-flex e-con e-child\" data-id=\"11e143b\" data-element_type=\"container\">\n\t\t<div class=\"elementor-element elementor-element-f44671e e-con-full e-flex e-con e-child\" data-id=\"f44671e\" data-element_type=\"container\" data-settings=\"{&quot;background_background&quot;:&quot;classic&quot;}\">\n\t\t<div class=\"elementor-element elementor-element-4e48830 e-flex e-con-boxed e-con e-child\" data-id=\"4e48830\" data-element_type=\"container\" data-settings=\"{&quot;background_background&quot;:&quot;classic&quot;}\">\n\t\t\t\t\t<div class=\"e-con-inner\">\n\t\t<div class=\"elementor-element elementor-element-0d21d77 e-con-full e-flex e-con e-child\" data-id=\"0d21d77\" data-element_type=\"container\">\n\t\t\t\t<div class=\"elementor-element elementor-element-fb8ee7c elementor-widget elementor-widget-heading\" data-id=\"fb8ee7c\" data-element_type=\"widget\" data-widget_type=\"heading.default\">\n\t\t\t\t<div class=\"elementor-widget-container\">\n\t\t\t\t\t<h2 class=\"elementor-heading-title elementor-size-default\">\u0130stanbul<\/h2>\t\t\t\t<\/div>\n\t\t\t\t<\/div>\n\t\t\t\t<\/div>\n\t\t<div class=\"elementor-element elementor-element-7adb121 e-con-full e-flex e-con e-child\" data-id=\"7adb121\" data-element_type=\"container\">\n\t\t<div class=\"elementor-element elementor-element-9c3635d e-con-full e-flex e-con e-child\" data-id=\"9c3635d\" data-element_type=\"container\">\n\t\t\t\t<div class=\"elementor-element elementor-element-0c4a681 elementor-widget elementor-widget-image\" data-id=\"0c4a681\" data-element_type=\"widget\" data-widget_type=\"image.default\">\n\t\t\t\t<div class=\"elementor-widget-container\">\n\t\t\t\t\t\t\t\t\t\t\t\t\t\t\t<img fetchpriority=\"high\" decoding=\"async\" width=\"612\" height=\"392\" src=\"https:\/\/www.baffcreative.com\/wp-content\/uploads\/2025\/04\/istockphoto-488031243-612x612-1.jpg\" class=\"attachment-full size-full wp-image-16190\" alt=\"\" \/>\t\t\t\t\t\t\t\t\t\t\t\t\t\t\t<\/div>\n\t\t\t\t<\/div>\n\t\t\t\t<\/div>\n\t\t<div class=\"elementor-element elementor-element-a7ff6a6 e-con-full e-flex e-con e-child\" data-id=\"a7ff6a6\" data-element_type=\"container\">\n\t\t\t\t<div class=\"elementor-element elementor-element-a02bf7b elementor-widget elementor-widget-image\" data-id=\"a02bf7b\" data-element_type=\"widget\" data-widget_type=\"image.default\">\n\t\t\t\t<div class=\"elementor-widget-container\">\n\t\t\t\t\t\t\t\t\t\t\t\t\t\t\t<img decoding=\"async\" width=\"1200\" height=\"900\" src=\"https:\/\/www.baffcreative.com\/wp-content\/uploads\/2025\/04\/qoufopnzbouniihkbwei.webp\" class=\"attachment-full size-full wp-image-16191\" alt=\"\" \/>\t\t\t\t\t\t\t\t\t\t\t\t\t\t\t<\/div>\n\t\t\t\t<\/div>\n\t\t\t\t<\/div>\n\t\t\t\t<\/div>\n\t\t<div class=\"elementor-element elementor-element-832536d e-con-full e-flex e-con e-child\" data-id=\"832536d\" data-element_type=\"container\">\n\t\t\t\t<div class=\"elementor-element elementor-element-a26ec5d elementor-align-center elementor-icon-list--layout-traditional elementor-list-item-link-full_width elementor-widget elementor-widget-icon-list\" data-id=\"a26ec5d\" data-element_type=\"widget\" data-widget_type=\"icon-list.default\">\n\t\t\t\t<div class=\"elementor-widget-container\">\n\t\t\t\t\t\t\t<ul class=\"elementor-icon-list-items\">\n\t\t\t\t\t\t\t<li class=\"elementor-icon-list-item\">\n\t\t\t\t\t\t\t\t\t\t\t<a href=\"https:\/\/www.google.com\/maps\/@23.822356,90.3671947,15z?entry=ttu\">\n\n\t\t\t\t\t\t\t\t\t\t\t<span class=\"elementor-icon-list-text\">Merdivenk\u00f6y Mahallesi, Seyhan Sokak No:13 Brooklyn Park  Kad\u0131k\u00f6y\/\u0130stanbul <\/span>\n\t\t\t\t\t\t\t\t\t\t\t<\/a>\n\t\t\t\t\t\t\t\t\t<\/li>\n\t\t\t\t\t\t<\/ul>\n\t\t\t\t\t\t<\/div>\n\t\t\t\t<\/div>\n\t\t\t\t<\/div>\n\t\t\t\t\t<\/div>\n\t\t\t\t<\/div>\n\t\t\t\t<\/div>\n\t\t<div class=\"elementor-element elementor-element-0607c88 e-con-full e-flex e-con e-child\" data-id=\"0607c88\" data-element_type=\"container\" data-settings=\"{&quot;background_background&quot;:&quot;classic&quot;}\">\n\t\t\t\t<div class=\"elementor-element elementor-element-844c9ba elementor-widget elementor-widget-image\" data-id=\"844c9ba\" data-element_type=\"widget\" data-widget_type=\"image.default\">\n\t\t\t\t<div class=\"elementor-widget-container\">\n\t\t\t\t\t\t\t\t\t\t\t\t\t\t\t<img decoding=\"async\" width=\"640\" height=\"640\" src=\"https:\/\/www.baffcreative.com\/wp-content\/uploads\/2024\/06\/Baff-Yazi.png\" class=\"attachment-large size-large wp-image-16056\" alt=\"\" \/>\t\t\t\t\t\t\t\t\t\t\t\t\t\t\t<\/div>\n\t\t\t\t<\/div>\n\t\t\t\t<\/div>\n\t\t<div class=\"elementor-element elementor-element-061f572 e-con-full e-flex e-con e-child\" data-id=\"061f572\" data-element_type=\"container\" data-settings=\"{&quot;background_background&quot;:&quot;classic&quot;}\">\n\t\t<div class=\"elementor-element elementor-element-1969c6a e-flex e-con-boxed e-con e-child\" data-id=\"1969c6a\" data-element_type=\"container\" data-settings=\"{&quot;background_background&quot;:&quot;classic&quot;}\">\n\t\t\t\t\t<div class=\"e-con-inner\">\n\t\t<div class=\"elementor-element elementor-element-cdd759a e-con-full e-flex e-con e-child\" data-id=\"cdd759a\" data-element_type=\"container\">\n\t\t\t\t<div class=\"elementor-element elementor-element-7de47d5 elementor-widget elementor-widget-heading\" data-id=\"7de47d5\" data-element_type=\"widget\" data-widget_type=\"heading.default\">\n\t\t\t\t<div class=\"elementor-widget-container\">\n\t\t\t\t\t<h2 class=\"elementor-heading-title elementor-size-default\">Bize Kat\u0131l\u0131n<\/h2>\t\t\t\t<\/div>\n\t\t\t\t<\/div>\n\t\t\t\t<\/div>\n\t\t<div class=\"elementor-element elementor-element-e83980b e-con-full e-flex e-con e-child\" data-id=\"e83980b\" data-element_type=\"container\">\n\t\t<div class=\"elementor-element elementor-element-f5427ec e-con-full e-flex e-con e-child\" data-id=\"f5427ec\" data-element_type=\"container\">\n\t\t\t\t<div class=\"elementor-element elementor-element-62cfb6f elementor-widget elementor-widget-image\" data-id=\"62cfb6f\" data-element_type=\"widget\" data-widget_type=\"image.default\">\n\t\t\t\t<div class=\"elementor-widget-container\">\n\t\t\t\t\t\t\t\t\t\t\t\t\t\t\t<img loading=\"lazy\" decoding=\"async\" width=\"90\" height=\"90\" src=\"https:\/\/www.baffcreative.com\/wp-content\/uploads\/2024\/06\/contact-5.jpg\" class=\"attachment-full size-full wp-image-1922\" alt=\"\" \/>\t\t\t\t\t\t\t\t\t\t\t\t\t\t\t<\/div>\n\t\t\t\t<\/div>\n\t\t\t\t<\/div>\n\t\t<div class=\"elementor-element elementor-element-f01982c e-con-full e-flex e-con e-child\" data-id=\"f01982c\" data-element_type=\"container\">\n\t\t\t\t<div class=\"elementor-element elementor-element-7260d3c elementor-widget elementor-widget-image\" data-id=\"7260d3c\" data-element_type=\"widget\" data-widget_type=\"image.default\">\n\t\t\t\t<div class=\"elementor-widget-container\">\n\t\t\t\t\t\t\t\t\t\t\t\t\t\t\t<img loading=\"lazy\" decoding=\"async\" width=\"90\" height=\"90\" src=\"https:\/\/www.baffcreative.com\/wp-content\/uploads\/2024\/06\/contact-6.jpg\" class=\"attachment-full size-full wp-image-1923\" alt=\"\" \/>\t\t\t\t\t\t\t\t\t\t\t\t\t\t\t<\/div>\n\t\t\t\t<\/div>\n\t\t\t\t<\/div>\n\t\t\t\t<\/div>\n\t\t<div class=\"elementor-element elementor-element-a766ee4 e-con-full e-flex e-con e-child\" data-id=\"a766ee4\" data-element_type=\"container\">\n\t\t\t\t<div class=\"elementor-element elementor-element-4a3c2e3 elementor-align-center elementor-icon-list--layout-traditional elementor-list-item-link-full_width elementor-widget elementor-widget-icon-list\" data-id=\"4a3c2e3\" data-element_type=\"widget\" data-widget_type=\"icon-list.default\">\n\t\t\t\t<div class=\"elementor-widget-container\">\n\t\t\t\t\t\t\t<ul class=\"elementor-icon-list-items\">\n\t\t\t\t\t\t\t<li class=\"elementor-icon-list-item\">\n\t\t\t\t\t\t\t\t\t\t\t<a href=\"mailto:info@baffcreative.com\">\n\n\t\t\t\t\t\t\t\t\t\t\t<span class=\"elementor-icon-list-text\">info@baffcreative.com<\/span>\n\t\t\t\t\t\t\t\t\t\t\t<\/a>\n\t\t\t\t\t\t\t\t\t<\/li>\n\t\t\t\t\t\t<\/ul>\n\t\t\t\t\t\t<\/div>\n\t\t\t\t<\/div>\n\t\t\t\t<\/div>\n\t\t\t\t\t<\/div>\n\t\t\t\t<\/div>\n\t\t\t\t<\/div>\n\t\t\t\t<\/div>\n\t\t\t\t<\/div>\n\t\t\t\t<\/div>\n\t\t","protected":false},"excerpt":{"rendered":"<p>Baff Creative \u0130leti\u015fim Mesaj G\u00f6nder Name Subject Message Send Message &#916; \u0130stanbul Merdivenk\u00f6y Mahallesi, Seyhan Sokak No:13 Brooklyn Park Kad\u0131k\u00f6y\/\u0130stanbul Bize Kat\u0131l\u0131n info@baffcreative.com<\/p>\n","protected":false},"author":1,"featured_media":0,"parent":0,"menu_order":0,"comment_status":"closed","ping_status":"closed","template":"elementor_header_footer","meta":{"_monsterinsights_skip_tracking":false,"_monsterinsights_sitenote_active":false,"_monsterinsights_sitenote_note":"","_monsterinsights_sitenote_category":0,"footnotes":""},"class_list":["post-58","page","type-page","status-publish","hentry"],"aioseo_notices":[],"_links":{"self":[{"href":"https:\/\/www.baffcreative.com\/index.php\/wp-json\/wp\/v2\/pages\/58","targetHints":{"allow":["GET"]}}],"collection":[{"href":"https:\/\/www.baffcreative.com\/index.php\/wp-json\/wp\/v2\/pages"}],"about":[{"href":"https:\/\/www.baffcreative.com\/index.php\/wp-json\/wp\/v2\/types\/page"}],"author":[{"embeddable":true,"href":"https:\/\/www.baffcreative.com\/index.php\/wp-json\/wp\/v2\/users\/1"}],"replies":[{"embeddable":true,"href":"https:\/\/www.baffcreative.com\/index.php\/wp-json\/wp\/v2\/comments?post=58"}],"version-history":[{"count":16,"href":"https:\/\/www.baffcreative.com\/index.php\/wp-json\/wp\/v2\/pages\/58\/revisions"}],"predecessor-version":[{"id":16313,"href":"https:\/\/www.baffcreative.com\/index.php\/wp-json\/wp\/v2\/pages\/58\/revisions\/16313"}],"wp:attachment":[{"href":"https:\/\/www.baffcreative.com\/index.php\/wp-json\/wp\/v2\/media?parent=58"}],"curies":[{"name":"wp","href":"https:\/\/api.w.org\/{rel}","templated":true}]}}